{"id":4260,"date":"2026-02-02T19:54:55","date_gmt":"2026-02-02T17:54:55","guid":{"rendered":"https:\/\/delight.ee\/?page_id=4260"},"modified":"2026-02-06T20:59:54","modified_gmt":"2026-02-06T18:59:54","slug":"byron","status":"publish","type":"page","link":"https:\/\/delight.ee\/en\/byron\/","title":{"rendered":"Byron"},"content":{"rendered":"<div class=\"wp-block-group alignwide is-style-ext-preset--group--soft-1--item-card-1--align-center has-global-padding is-layout-constrained wp-block-group-is-layout-constrained is-style-ext-preset--group--soft-1--item-card-1--align-center--1\">\n<div class=\"wp-block-columns alignwide are-vertically-aligned-top is-style-ext-preset--media-text--natural-1--card-1 has-tertiary-background-color has-background is-layout-flex wp-container-core-columns-is-layout-28f84493 wp-block-columns-is-layout-flex\">\n<div class=\"wp-block-column is-layout-flow wp-block-column-is-layout-flow\" style=\"flex-basis:50%\">\n<figure class=\"wp-block-image is-style-ext-preset--image--soft-1--image-1--content-bottom is-style-ext-preset--image--soft-1--image-1--content-bottom--2\"><img loading=\"lazy\" decoding=\"async\" width=\"1024\" height=\"683\" src=\"https:\/\/delight.ee\/wp-content\/uploads\/2026\/01\/IMG_6784-1024x683.jpg\" alt=\"\" class=\"wp-image-4197\" srcset=\"https:\/\/delight.ee\/wp-content\/uploads\/2026\/01\/IMG_6784-1024x683.jpg 1024w, https:\/\/delight.ee\/wp-content\/uploads\/2026\/01\/IMG_6784-300x200.jpg 300w, https:\/\/delight.ee\/wp-content\/uploads\/2026\/01\/IMG_6784-768x512.jpg 768w, https:\/\/delight.ee\/wp-content\/uploads\/2026\/01\/IMG_6784-1536x1024.jpg 1536w, https:\/\/delight.ee\/wp-content\/uploads\/2026\/01\/IMG_6784-2048x1365.jpg 2048w\" sizes=\"auto, (max-width: 1024px) 100vw, 1024px\" \/><\/figure>\n\n\n\n<div class=\"wp-block-group is-style-default is-vertical is-content-justification-stretch is-layout-flex wp-container-core-group-is-layout-fa8d8e31 wp-block-group-is-layout-flex\" style=\"padding-top:var(--wp--preset--spacing--40);padding-right:var(--wp--preset--spacing--30);padding-bottom:var(--wp--preset--spacing--40);padding-left:var(--wp--preset--spacing--30)\">\n<h3 class=\"wp-block-heading\" style=\"font-size:clamp(15.747px, 0.984rem + ((1vw - 3.2px) * 0.86), 24px);\">Non-Stop S.Connery<\/h3>\n\n\n\n<p>Stud from Hungarian kennel Non-stop <\/p>\n\n\n\n<p><\/p>\n\n\n\n<p><strong><a href=\"https:\/\/register.kennelliit.ee\/index.php?page=dogCard&amp;dogId=220656\" title=\"\">Byron descendants<\/a><\/strong><\/p>\n\n\n\n<p class=\"has-small-font-size\"><\/p>\n<\/div>\n<\/div>\n\n\n\n<div class=\"wp-block-column has-global-padding is-layout-constrained wp-block-column-is-layout-constrained\" style=\"flex-basis:50%\">\n<figure class=\"wp-block-table is-style-regular has-small-font-size\" style=\"margin-top:0;margin-bottom:0\"><table style=\"border-style:none;border-width:0px\"><tbody><tr><td>Name<\/td><td>Byron<\/td><td><\/td><td><\/td><\/tr><tr><td>Sex<\/td><td>Male<\/td><td><\/td><td><\/td><\/tr><tr><td>Date of birth<\/td><td>28.10.2015<\/td><td><\/td><td><\/td><\/tr><tr><td>Hips<\/td><td>&nbsp;A\/A<\/td><td><\/td><td><\/td><\/tr><tr><td>Elbow<\/td><td>0\/0<\/td><td><\/td><td><\/td><\/tr><tr><td>Eyes<\/td><td>PRA 1&amp;2 clean, 12.2016<\/td><td><\/td><td><\/td><\/tr><tr><td>Titles<\/td><td>EST,LV,LT,BALT,RU J CH<br>1x BOB baby<br>2x BOS puppy<br>4x BOB jun, 3x BOS jun<br>4x BOB, 1x BOS<br>4x BM-1, 2x BM-2, 1x BM-3, 2x BM-4, 1x BM-5<br>1x BIS puppy-2, 1x BIS-2, 1x BIS jun-4, 1x BIS jun-1, 2x BIG-1<\/td><td><\/td><td><\/td><\/tr><\/tbody><\/table><\/figure>\n<\/div>\n<\/div>\n<\/div>\n\n\n\n<div class=\"wp-block-group has-global-padding is-layout-constrained wp-block-group-is-layout-constrained\">\n<div class=\"wp-block-columns is-layout-flex wp-container-core-columns-is-layout-28f84493 wp-block-columns-is-layout-flex\">\n<div class=\"wp-block-column is-layout-flow wp-block-column-is-layout-flow\"><\/div>\n\n\n\n<div class=\"wp-block-column is-layout-flow wp-block-column-is-layout-flow\"><\/div>\n<\/div>\n<\/div>\n\n\nngg_shortcode_0_placeholder\n\n\n\n<div class=\"wp-block-columns alignwide is-layout-flex wp-container-core-columns-is-layout-08c01c1c wp-block-columns-is-layout-flex\">\n<div class=\"wp-block-column is-vertically-aligned-stretch is-layout-flow wp-container-core-column-is-layout-119bc444 wp-block-column-is-layout-flow\">\n<div class=\"wpdt-c row wpDataTableContainerSimpleTable wpDataTables wpDataTablesWrapper\"\n    >\n        <table id=\"wpdtSimpleTable-2\"\n           style=\"border-collapse:separate;                   border-spacing:10px;\"\n           class=\"wpdtSimpleTable wpDataTable\"\n           data-column=\"4\"\n           data-rows=\"8\"\n           data-wpid=\"2\"\n           data-responsive=\"0\"\n           data-has-header=\"0\">\n\n                    <tbody>        <tr class=\"wpdt-cell-row\" >\n                                <td class=\"wpdt-cell wpdt-bc-FFFFFF wpdt-merged-cell  border-separate\"\n                     colspan=\"1\"  rowspan=\"8\"                     data-cell-id=\"A1\"\n                    data-col-index=\"0\"\n                    data-row-index=\"0\"\n                    style=\" width:21.436984687868%;                    padding:10px;                    \"\n                    >\n                                        Non-Stop S. Connery                    <\/td>\n                                                <td class=\"wpdt-cell wpdt-bc-FFFFFF wpdt-tc-000000 wpdt-merged-cell  border-separate\"\n                     colspan=\"1\"  rowspan=\"4\"                     data-cell-id=\"B1\"\n                    data-col-index=\"1\"\n                    data-row-index=\"0\"\n                    style=\" width:23.439340400471%;                    padding:10px;                    \"\n                    >\n                                        Non-Stop P.Newman                    <\/td>\n                                                <td class=\"wpdt-cell wpdt-bc-FFFFFF wpdt-tc-000000 wpdt-merged-cell  border-separate\"\n                     colspan=\"1\"  rowspan=\"2\"                     data-cell-id=\"C1\"\n                    data-col-index=\"2\"\n                    data-row-index=\"0\"\n                    style=\" width:26.972909305065%;                    padding:10px;                    \"\n                    >\n                                        Goldfashion Keep The Faith                    <\/td>\n                                                <td class=\"wpdt-cell wpdt-bc-FFFFFF wpdt-tc-000000 border-separate\"\n                                            data-cell-id=\"D1\"\n                    data-col-index=\"3\"\n                    data-row-index=\"0\"\n                    style=\" width:28.150765606596%;                    padding:10px;                    \"\n                    >\n                                        SE U(U)CH Inassicas Blade                    <\/td>\n                                        <\/tr>\n                            <tr class=\"wpdt-cell-row\" >\n                                                                    <td class=\"wpdt-cell wpdt-bc-FFFFFF wpdt-tc-000000 border-separate\"\n                                            data-cell-id=\"D2\"\n                    data-col-index=\"3\"\n                    data-row-index=\"1\"\n                    style=\"                    padding:10px;                    \"\n                    >\n                                        Inassicas Water Pea                    <\/td>\n                                        <\/tr>\n                            <tr class=\"wpdt-cell-row\" >\n                                                        <td class=\"wpdt-cell wpdt-bc-FFFFFF wpdt-tc-000000 wpdt-merged-cell  border-separate\"\n                     colspan=\"1\"  rowspan=\"2\"                     data-cell-id=\"C3\"\n                    data-col-index=\"2\"\n                    data-row-index=\"2\"\n                    style=\"                    padding:10px;                    \"\n                    >\n                                        Isadorable v.d. Beerse Hoeve                    <\/td>\n                                                <td class=\"wpdt-cell wpdt-bc-FFFFFF wpdt-tc-000000 border-separate\"\n                                            data-cell-id=\"D3\"\n                    data-col-index=\"3\"\n                    data-row-index=\"2\"\n                    style=\"                    padding:10px;                    \"\n                    >\n                                        Dutch Junior CH. Batteries Included v.d. Beerse Hoeve Junior Winner A'dam 09                    <\/td>\n                                        <\/tr>\n                            <tr class=\"wpdt-cell-row\" >\n                                                                    <td class=\"wpdt-cell wpdt-bc-FFFFFF wpdt-tc-000000 border-separate\"\n                                            data-cell-id=\"D4\"\n                    data-col-index=\"3\"\n                    data-row-index=\"3\"\n                    style=\"                    padding:10px;                    \"\n                    >\n                                        Thank You v.d. Beerse Hoeve                    <\/td>\n                                        <\/tr>\n                            <tr class=\"wpdt-cell-row\" >\n                                            <td class=\"wpdt-cell wpdt-bc-FFFFFF wpdt-tc-000000 wpdt-merged-cell  border-separate\"\n                     colspan=\"1\"  rowspan=\"4\"                     data-cell-id=\"B5\"\n                    data-col-index=\"1\"\n                    data-row-index=\"4\"\n                    style=\"                    padding:10px;                    \"\n                    >\n                                        HsCH, SrbCH Sequins Syrah                    <\/td>\n                                                <td class=\"wpdt-cell wpdt-bc-FFFFFF wpdt-tc-000000 wpdt-merged-cell  border-separate\"\n                     colspan=\"1\"  rowspan=\"2\"                     data-cell-id=\"C5\"\n                    data-col-index=\"2\"\n                    data-row-index=\"4\"\n                    style=\"                    padding:10px;                    \"\n                    >\n                                        SE VCH SEU(U)CH Danish Ch Lux Ch VDH Ch Dutch Ch Bundessieger Non-Stop James Bond                    <\/td>\n                                                <td class=\"wpdt-cell wpdt-bc-FFFFFF wpdt-tc-000000 border-separate\"\n                                            data-cell-id=\"D5\"\n                    data-col-index=\"3\"\n                    data-row-index=\"4\"\n                    style=\"                    padding:10px;                    \"\n                    >\n                                        INT.Ch, Belg.Ch Gatchells Man of Honour Jun.Clubwinn 2003                    <\/td>\n                                        <\/tr>\n                            <tr class=\"wpdt-cell-row\" >\n                                                                    <td class=\"wpdt-cell wpdt-bc-FFFFFF wpdt-tc-000000 border-separate\"\n                                            data-cell-id=\"D6\"\n                    data-col-index=\"3\"\n                    data-row-index=\"5\"\n                    style=\"                    padding:10px;                    \"\n                    >\n                                        EW'05, HsCH Non-Stop Dio                    <\/td>\n                                        <\/tr>\n                            <tr class=\"wpdt-cell-row\" >\n                                                        <td class=\"wpdt-cell wpdt-bc-FFFFFF wpdt-tc-000000 wpdt-merged-cell  border-separate\"\n                     colspan=\"1\"  rowspan=\"2\"                     data-cell-id=\"C7\"\n                    data-col-index=\"2\"\n                    data-row-index=\"6\"\n                    style=\"                    padding:10px;                    \"\n                    >\n                                        SEQUINS SHARPLESS                    <\/td>\n                                                <td class=\"wpdt-cell wpdt-bc-FFFFFF wpdt-tc-000000 border-separate\"\n                                            data-cell-id=\"D7\"\n                    data-col-index=\"3\"\n                    data-row-index=\"6\"\n                    style=\"                    padding:10px;                    \"\n                    >\n                                        Eng Sh Ch, Int\/Dutch\/VDH\/Ger\/Nord\/Swed Ch Sequins Shamrock WW'08, EW'04, 06, Vice-EW'07, JEW'03, Club winner                    <\/td>\n                                        <\/tr>\n                            <tr class=\"wpdt-cell-row\" >\n                                                                    <td class=\"wpdt-cell wpdt-bc-FFFFFF wpdt-tc-000000 border-separate\"\n                                            data-cell-id=\"D8\"\n                    data-col-index=\"3\"\n                    data-row-index=\"7\"\n                    style=\"                    padding:10px;                    \"\n                    >\n                                        Arctic Gold du Pays de Boheme                    <\/td>\n                                        <\/tr>\n                    <\/table>\n<\/div><style id='wpdt-custom-style-2'>\n.wpdt-bc-FFFFFF { background-color: #FFFFFF !important;}\n.wpdt-tc-000000 { color: #000000 !important;}\n<\/style>\n\n<\/div>\n<\/div>","protected":false},"excerpt":{"rendered":"<p>Non-Stop S.Connery Aretusisane, kes on p\u00e4rit Ungari kennelist Non-stop Byroni j\u00e4rglased Nimi Byron Sugu Isane S\u00fcnniaeg 28.10.2015 Puusad &nbsp;A\/A K\u00fc\u00fcnarliigesed 0\/0 Silmad PRA 1&amp;2 puhtad, 12.2016 Tiitlid EST,LV,LT,BALT,RU J CH1x BOB beebi2x BOS kutsikas4x BOB jun, 3x BOS jun4x BOB, 1x BOS4x BM-1, 2x BM-2, 1x BM-3, 2x BM-4, 1x BM-51x BIS puppy-2, 1x BIS-2, [&hellip;]<\/p>","protected":false},"author":1,"featured_media":0,"parent":0,"menu_order":0,"comment_status":"closed","ping_status":"closed","template":"page-with-title","meta":{"om_disable_all_campaigns":false,"_monsterinsights_skip_tracking":false,"_monsterinsights_sitenote_active":false,"_monsterinsights_sitenote_note":"","_monsterinsights_sitenote_category":0,"ngg_post_thumbnail":0,"footnotes":""},"class_list":["post-4260","page","type-page","status-publish","hentry"],"aioseo_notices":[],"_links":{"self":[{"href":"https:\/\/delight.ee\/en\/wp-json\/wp\/v2\/pages\/4260","targetHints":{"allow":["GET"]}}],"collection":[{"href":"https:\/\/delight.ee\/en\/wp-json\/wp\/v2\/pages"}],"about":[{"href":"https:\/\/delight.ee\/en\/wp-json\/wp\/v2\/types\/page"}],"author":[{"embeddable":true,"href":"https:\/\/delight.ee\/en\/wp-json\/wp\/v2\/users\/1"}],"replies":[{"embeddable":true,"href":"https:\/\/delight.ee\/en\/wp-json\/wp\/v2\/comments?post=4260"}],"version-history":[{"count":15,"href":"https:\/\/delight.ee\/en\/wp-json\/wp\/v2\/pages\/4260\/revisions"}],"predecessor-version":[{"id":5365,"href":"https:\/\/delight.ee\/en\/wp-json\/wp\/v2\/pages\/4260\/revisions\/5365"}],"wp:attachment":[{"href":"https:\/\/delight.ee\/en\/wp-json\/wp\/v2\/media?parent=4260"}],"curies":[{"name":"wp","href":"https:\/\/api.w.org\/{rel}","templated":true}]}}