{"id":4181,"date":"2026-01-24T22:28:40","date_gmt":"2026-01-24T20:28:40","guid":{"rendered":"https:\/\/delight.ee\/?page_id=4181"},"modified":"2026-02-06T20:47:21","modified_gmt":"2026-02-06T18:47:21","slug":"koerad","status":"publish","type":"page","link":"https:\/\/delight.ee\/en\/koerad\/","title":{"rendered":"Dogs"},"content":{"rendered":"<div class=\"wp-block-group alignfull is-style-ext-preset--group--natural-1--section has-background-background-color has-background has-global-padding is-layout-constrained wp-container-core-group-is-layout-e955bbaf wp-block-group-is-layout-constrained\" style=\"margin-top:0;margin-bottom:0;padding-top:var(--wp--preset--spacing--70);padding-bottom:var(--wp--preset--spacing--70)\">\n<div class=\"wp-block-columns alignwide is-layout-flex wp-container-core-columns-is-layout-08c01c1c wp-block-columns-is-layout-flex\">\n<div class=\"wp-block-column is-vertically-aligned-stretch is-layout-flow wp-container-core-column-is-layout-119bc444 wp-block-column-is-layout-flow\">\n<div class=\"wp-block-media-text is-stacked-on-mobile is-image-fill-element is-style-ext-preset--media-text--soft-1--card-1 has-tertiary-background-color has-background is-style-ext-preset--media-text--soft-1--card-1--2\"><figure class=\"wp-block-media-text__media\"><img loading=\"lazy\" decoding=\"async\" width=\"1024\" height=\"518\" src=\"https:\/\/delight.ee\/wp-content\/uploads\/2021\/08\/IMG_4018_1-1024x518.jpg\" alt=\"\" class=\"wp-image-4739 size-full\" style=\"object-position:50% 50%\" srcset=\"https:\/\/delight.ee\/wp-content\/uploads\/2021\/08\/IMG_4018_1-1024x518.jpg 1024w, https:\/\/delight.ee\/wp-content\/uploads\/2021\/08\/IMG_4018_1-300x152.jpg 300w, https:\/\/delight.ee\/wp-content\/uploads\/2021\/08\/IMG_4018_1-768x389.jpg 768w, https:\/\/delight.ee\/wp-content\/uploads\/2021\/08\/IMG_4018_1-1536x777.jpg 1536w, https:\/\/delight.ee\/wp-content\/uploads\/2021\/08\/IMG_4018_1-2048x1036.jpg 2048w\" sizes=\"auto, (max-width: 1024px) 100vw, 1024px\" \/><\/figure><div class=\"wp-block-media-text__content\">\n<div class=\"wp-block-group is-style-default has-global-padding is-layout-constrained wp-container-core-group-is-layout-9a7b35d3 wp-block-group-is-layout-constrained\" style=\"padding-top:var(--wp--preset--spacing--40);padding-right:var(--wp--preset--spacing--30);padding-bottom:var(--wp--preset--spacing--40);padding-left:var(--wp--preset--spacing--30)\">\n<h3 class=\"wp-block-heading\" style=\"font-size:clamp(15.747px, 0.984rem + ((1vw - 3.2px) * 0.86), 24px);\"><a href=\"https:\/\/delight.ee\/en\/stellarussel\/\">Stella &amp; Russel<\/a><\/h3>\n\n\n\n<p class=\"has-small-font-size\">Stella and Russell's puppies born 8 September 2021! All puppies have found their loving families.&nbsp;<\/p>\n\n\n\n<p class=\"has-small-font-size\"><\/p>\n<\/div>\n<\/div><\/div>\n<\/div>\n\n\n\n<div class=\"wp-block-column is-vertically-aligned-stretch is-layout-flow wp-container-core-column-is-layout-119bc444 wp-block-column-is-layout-flow\"><\/div>\n<\/div>\n\n\n\n<div class=\"wp-block-columns alignwide is-layout-flex wp-container-core-columns-is-layout-08c01c1c wp-block-columns-is-layout-flex\">\n<div class=\"wp-block-column is-vertically-aligned-stretch is-layout-flow wp-container-core-column-is-layout-119bc444 wp-block-column-is-layout-flow\">\n<div class=\"wp-block-media-text is-stacked-on-mobile is-image-fill-element is-style-ext-preset--media-text--soft-1--card-1 has-tertiary-background-color has-background is-style-ext-preset--media-text--soft-1--card-1--3\"><figure class=\"wp-block-media-text__media\"><img loading=\"lazy\" decoding=\"async\" width=\"960\" height=\"640\" src=\"https:\/\/delight.ee\/wp-content\/uploads\/2026\/01\/13891841_1793210620912206_4128584355385081313_n.jpg\" alt=\"\" class=\"wp-image-4196 size-full\" style=\"object-position:50% 50%\" srcset=\"https:\/\/delight.ee\/wp-content\/uploads\/2026\/01\/13891841_1793210620912206_4128584355385081313_n.jpg 960w, https:\/\/delight.ee\/wp-content\/uploads\/2026\/01\/13891841_1793210620912206_4128584355385081313_n-300x200.jpg 300w, https:\/\/delight.ee\/wp-content\/uploads\/2026\/01\/13891841_1793210620912206_4128584355385081313_n-768x512.jpg 768w\" sizes=\"auto, (max-width: 960px) 100vw, 960px\" \/><\/figure><div class=\"wp-block-media-text__content\">\n<div class=\"wp-block-group is-style-default has-global-padding is-layout-constrained wp-container-core-group-is-layout-9a7b35d3 wp-block-group-is-layout-constrained\" style=\"padding-top:var(--wp--preset--spacing--40);padding-right:var(--wp--preset--spacing--30);padding-bottom:var(--wp--preset--spacing--40);padding-left:var(--wp--preset--spacing--30)\">\n<h3 class=\"wp-block-heading\" style=\"font-size:clamp(15.747px, 0.984rem + ((1vw - 3.2px) * 0.86), 24px);\"><a href=\"https:\/\/delight.ee\/en\/bria\/\" title=\"\">Star Light Son Nice and Easy<\/a><\/h3>\n\n\n\n<p class=\"has-small-font-size\">The kennel's first dog that started it all. <\/p>\n<\/div>\n<\/div><\/div>\n<\/div>\n\n\n\n<div class=\"wp-block-column is-vertically-aligned-stretch is-layout-flow wp-container-core-column-is-layout-119bc444 wp-block-column-is-layout-flow\">\n<div class=\"wp-block-media-text is-stacked-on-mobile is-vertically-aligned-top is-image-fill-element is-style-ext-preset--media-text--soft-1--card-1 has-tertiary-background-color has-background is-style-ext-preset--media-text--soft-1--card-1--4\"><figure class=\"wp-block-media-text__media\"><img loading=\"lazy\" decoding=\"async\" width=\"1024\" height=\"683\" src=\"https:\/\/delight.ee\/wp-content\/uploads\/2026\/01\/IMG_9227-1024x683.jpg\" alt=\"\" class=\"wp-image-4195 size-full\" style=\"object-position:50% 50%\" srcset=\"https:\/\/delight.ee\/wp-content\/uploads\/2026\/01\/IMG_9227-1024x683.jpg 1024w, https:\/\/delight.ee\/wp-content\/uploads\/2026\/01\/IMG_9227-300x200.jpg 300w, https:\/\/delight.ee\/wp-content\/uploads\/2026\/01\/IMG_9227-768x512.jpg 768w, https:\/\/delight.ee\/wp-content\/uploads\/2026\/01\/IMG_9227-1536x1024.jpg 1536w, https:\/\/delight.ee\/wp-content\/uploads\/2026\/01\/IMG_9227-2048x1365.jpg 2048w\" sizes=\"auto, (max-width: 1024px) 100vw, 1024px\" \/><\/figure><div class=\"wp-block-media-text__content\">\n<div class=\"wp-block-group is-style-default has-global-padding is-layout-constrained wp-container-core-group-is-layout-9a7b35d3 wp-block-group-is-layout-constrained\" style=\"padding-top:var(--wp--preset--spacing--40);padding-right:var(--wp--preset--spacing--30);padding-bottom:var(--wp--preset--spacing--40);padding-left:var(--wp--preset--spacing--30)\">\n<h3 class=\"wp-block-heading\" style=\"font-size:clamp(15.747px, 0.984rem + ((1vw - 3.2px) * 0.86), 24px);\"><a href=\"https:\/\/delight.ee\/en\/baxter\/\" title=\"\">Delight Of Sunlight Aongus<\/a><\/h3>\n\n\n\n<p class=\"has-small-font-size\">Golden Retriever, 01.2019<\/p>\n\n\n\n<p class=\"has-small-font-size\">Kennel's only offspring from the first litter Baxter<\/p>\n<\/div>\n<\/div><\/div>\n<\/div>\n<\/div>\n\n\n\n<div class=\"wp-block-columns alignwide is-layout-flex wp-container-core-columns-is-layout-967d05ff wp-block-columns-is-layout-flex\" style=\"margin-top:var(--wp--preset--spacing--40)\">\n<div class=\"wp-block-column is-vertically-aligned-stretch is-layout-flow wp-container-core-column-is-layout-119bc444 wp-block-column-is-layout-flow\">\n<div class=\"wp-block-media-text is-stacked-on-mobile is-vertically-aligned-top is-image-fill-element is-style-ext-preset--media-text--soft-1--card-1 has-tertiary-background-color has-background is-style-ext-preset--media-text--soft-1--card-1--5\"><figure class=\"wp-block-media-text__media\"><img loading=\"lazy\" decoding=\"async\" width=\"1024\" height=\"683\" src=\"https:\/\/delight.ee\/wp-content\/uploads\/2026\/02\/lumi-1024x683.jpg\" alt=\"\" class=\"wp-image-5276 size-full\" style=\"object-position:50% 50%\" srcset=\"https:\/\/delight.ee\/wp-content\/uploads\/2026\/02\/lumi-1024x683.jpg 1024w, https:\/\/delight.ee\/wp-content\/uploads\/2026\/02\/lumi-300x200.jpg 300w, https:\/\/delight.ee\/wp-content\/uploads\/2026\/02\/lumi-768x512.jpg 768w, https:\/\/delight.ee\/wp-content\/uploads\/2026\/02\/lumi-1536x1024.jpg 1536w, https:\/\/delight.ee\/wp-content\/uploads\/2026\/02\/lumi-2048x1365.jpg 2048w\" sizes=\"auto, (max-width: 1024px) 100vw, 1024px\" \/><\/figure><div class=\"wp-block-media-text__content\">\n<div class=\"wp-block-group is-style-default has-global-padding is-layout-constrained wp-container-core-group-is-layout-9a7b35d3 wp-block-group-is-layout-constrained\" style=\"padding-top:var(--wp--preset--spacing--40);padding-right:var(--wp--preset--spacing--30);padding-bottom:var(--wp--preset--spacing--40);padding-left:var(--wp--preset--spacing--30)\">\n<h3 class=\"wp-block-heading\" style=\"font-size:clamp(15.747px, 0.984rem + ((1vw - 3.2px) * 0.86), 24px);\"><a href=\"https:\/\/delight.ee\/en\/lumi\/\" title=\"\">Delight Of Sunlight Bel Ami<\/a><\/h3>\n\n\n\n<p class=\"has-small-font-size\">Golden Retriever, 09.2021<\/p>\n\n\n\n<p class=\"has-small-font-size\"><\/p>\n<\/div>\n<\/div><\/div>\n<\/div>\n\n\n\n<div class=\"wp-block-column is-vertically-aligned-stretch is-layout-flow wp-container-core-column-is-layout-119bc444 wp-block-column-is-layout-flow\">\n<div class=\"wp-block-media-text is-stacked-on-mobile is-image-fill-element is-style-ext-preset--media-text--soft-1--card-1 has-tertiary-background-color has-background is-style-ext-preset--media-text--soft-1--card-1--6\"><figure class=\"wp-block-media-text__media\"><img loading=\"lazy\" decoding=\"async\" width=\"1024\" height=\"683\" src=\"https:\/\/delight.ee\/wp-content\/uploads\/2026\/01\/IMG_6784-1024x683.jpg\" alt=\"\" class=\"wp-image-4197 size-full\" style=\"object-position:50% 50%\" srcset=\"https:\/\/delight.ee\/wp-content\/uploads\/2026\/01\/IMG_6784-1024x683.jpg 1024w, https:\/\/delight.ee\/wp-content\/uploads\/2026\/01\/IMG_6784-300x200.jpg 300w, https:\/\/delight.ee\/wp-content\/uploads\/2026\/01\/IMG_6784-768x512.jpg 768w, https:\/\/delight.ee\/wp-content\/uploads\/2026\/01\/IMG_6784-1536x1024.jpg 1536w, https:\/\/delight.ee\/wp-content\/uploads\/2026\/01\/IMG_6784-2048x1365.jpg 2048w\" sizes=\"auto, (max-width: 1024px) 100vw, 1024px\" \/><\/figure><div class=\"wp-block-media-text__content\">\n<div class=\"wp-block-group is-style-default has-global-padding is-layout-constrained wp-container-core-group-is-layout-9a7b35d3 wp-block-group-is-layout-constrained\" style=\"padding-top:var(--wp--preset--spacing--40);padding-right:var(--wp--preset--spacing--30);padding-bottom:var(--wp--preset--spacing--40);padding-left:var(--wp--preset--spacing--30)\">\n<h3 class=\"wp-block-heading\" style=\"font-size:clamp(15.747px, 0.984rem + ((1vw - 3.2px) * 0.86), 24px);\"><a href=\"https:\/\/delight.ee\/en\/byron\/\" title=\"\">Non-Stop S.Connery<\/a><\/h3>\n\n\n\n<p class=\"has-small-font-size\">Stud from Hungarian kennel Non-stop<\/p>\n<\/div>\n<\/div><\/div>\n<\/div>\n<\/div>\n<\/div>\n\n\n\n<div class=\"wp-block-group alignfull is-style-ext-preset--group--natural-1--section has-tertiary-background-color has-background has-global-padding is-layout-constrained wp-container-core-group-is-layout-6714b1d7 wp-block-group-is-layout-constrained\" style=\"margin-top:0;margin-bottom:0;padding-top:var(--wp--preset--spacing--70);padding-bottom:var(--wp--preset--spacing--70)\"><\/div>","protected":false},"excerpt":{"rendered":"<p>Stella &amp; Russel Stella ja Russeli kutsikad s\u00fcndisid 8. September 2021! K\u00f5ik kutsikad on oma armastavad pered leidnud&nbsp; Star Light Son Nice and Easy Kenneli esimene koer, kellest k\u00f5ik alguse sai. Delight Of Sunlight Aongus Kuldne retriiver, 01.2019 Kenneli esimese pesa ainuke kasvandik Baxter Delight Of Sunlight Bel Ami Kuldne retriiver, 09.2021 Non-Stop S.Connery Aretusisane, [&hellip;]<\/p>","protected":false},"author":1,"featured_media":0,"parent":0,"menu_order":0,"comment_status":"closed","ping_status":"closed","template":"page-with-title","meta":{"om_disable_all_campaigns":false,"_monsterinsights_skip_tracking":false,"_monsterinsights_sitenote_active":false,"_monsterinsights_sitenote_note":"","_monsterinsights_sitenote_category":0,"ngg_post_thumbnail":0,"footnotes":""},"class_list":["post-4181","page","type-page","status-publish","hentry"],"aioseo_notices":[],"_links":{"self":[{"href":"https:\/\/delight.ee\/en\/wp-json\/wp\/v2\/pages\/4181","targetHints":{"allow":["GET"]}}],"collection":[{"href":"https:\/\/delight.ee\/en\/wp-json\/wp\/v2\/pages"}],"about":[{"href":"https:\/\/delight.ee\/en\/wp-json\/wp\/v2\/types\/page"}],"author":[{"embeddable":true,"href":"https:\/\/delight.ee\/en\/wp-json\/wp\/v2\/users\/1"}],"replies":[{"embeddable":true,"href":"https:\/\/delight.ee\/en\/wp-json\/wp\/v2\/comments?post=4181"}],"version-history":[{"count":14,"href":"https:\/\/delight.ee\/en\/wp-json\/wp\/v2\/pages\/4181\/revisions"}],"predecessor-version":[{"id":5357,"href":"https:\/\/delight.ee\/en\/wp-json\/wp\/v2\/pages\/4181\/revisions\/5357"}],"wp:attachment":[{"href":"https:\/\/delight.ee\/en\/wp-json\/wp\/v2\/media?parent=4181"}],"curies":[{"name":"wp","href":"https:\/\/api.w.org\/{rel}","templated":true}]}}