{"id":33,"date":"2026-01-23T18:59:21","date_gmt":"2026-01-23T18:59:21","guid":{"rendered":"https:\/\/delight.ee\/home\/"},"modified":"2026-02-08T19:41:29","modified_gmt":"2026-02-08T17:41:29","slug":"kodu","status":"publish","type":"page","link":"https:\/\/delight.ee\/en\/","title":{"rendered":"Kodu"},"content":{"rendered":"<div class=\"wp-block-group alignfull is-style-ext-preset--group--natural-1--section has-background-background-color has-background has-global-padding is-layout-constrained wp-block-group-is-layout-constrained\" style=\"margin-top:0;margin-bottom:0;padding-top:var(--wp--preset--spacing--50);padding-bottom:var(--wp--preset--spacing--70)\">\n<div class=\"wp-block-columns alignwide is-layout-flex wp-container-core-columns-is-layout-08c01c1c wp-block-columns-is-layout-flex\">\n<div class=\"wp-block-column is-vertically-aligned-stretch is-layout-flow wp-block-column-is-layout-flow\">\n<div class=\"wp-block-cover is-light is-style-ext-preset--image--gradient-1--image-1--content-top is-style-ext-preset--image--gradient-1--image-1--content-top--2\" style=\"min-height:100%;aspect-ratio:unset;\"><img loading=\"lazy\" decoding=\"async\" width=\"1024\" height=\"683\" class=\"wp-block-cover__image-background wp-image-94 size-large\" alt=\"\" src=\"https:\/\/delight.ee\/wp-content\/uploads\/2026\/01\/117_ReginaReedik__14.07.2019_@DianaUnt-1024x683.jpg\" data-object-fit=\"cover\" srcset=\"https:\/\/delight.ee\/wp-content\/uploads\/2026\/01\/117_ReginaReedik__14.07.2019_@DianaUnt-1024x683.jpg 1024w, https:\/\/delight.ee\/wp-content\/uploads\/2026\/01\/117_ReginaReedik__14.07.2019_@DianaUnt-300x200.jpg 300w, https:\/\/delight.ee\/wp-content\/uploads\/2026\/01\/117_ReginaReedik__14.07.2019_@DianaUnt-768x512.jpg 768w, https:\/\/delight.ee\/wp-content\/uploads\/2026\/01\/117_ReginaReedik__14.07.2019_@DianaUnt-1536x1024.jpg 1536w, https:\/\/delight.ee\/wp-content\/uploads\/2026\/01\/117_ReginaReedik__14.07.2019_@DianaUnt-2048x1366.jpg 2048w\" sizes=\"auto, (max-width: 1024px) 100vw, 1024px\" \/><span aria-hidden=\"true\" class=\"wp-block-cover__background has-background-dim-0 has-background-dim\" style=\"background-color:#bfc1c3\"><\/span><div class=\"wp-block-cover__inner-container is-layout-flow wp-block-cover-is-layout-flow\">\n<div style=\"height:320px\" aria-hidden=\"true\" class=\"wp-block-spacer\"><\/div>\n<\/div><\/div>\n<\/div>\n\n\n\n<div class=\"wp-block-column is-vertically-aligned-stretch is-layout-flow wp-block-column-is-layout-flow\">\n<div class=\"wp-block-group alignwide is-style-ext-preset--group--natural-1--item-card-1--align-start has-tertiary-background-color has-background is-nowrap is-layout-flex wp-container-core-group-is-layout-bcde1d39 wp-block-group-is-layout-flex is-style-ext-preset--group--natural-1--item-card-1--align-start--3\" style=\"min-height:100%;padding-top:0;padding-right:0;padding-bottom:0;padding-left:0\">\n<div class=\"wp-block-group alignwide is-vertical is-layout-flex wp-container-core-group-is-layout-fa0d61a1 wp-block-group-is-layout-flex\" style=\"padding-top:var(--wp--preset--spacing--50);padding-right:var(--wp--preset--spacing--50);padding-bottom:var(--wp--preset--spacing--50);padding-left:var(--wp--preset--spacing--50)\">\n<div class=\"wp-block-group has-global-padding is-layout-constrained wp-container-core-group-is-layout-812d5580 wp-block-group-is-layout-constrained\" style=\"padding-top:0;padding-right:0;padding-bottom:0;padding-left:0\">\n<h2 class=\"wp-block-heading\">Kennel Delight of Sunlight<\/h2>\n\n\n\n<p style=\"font-size:clamp(14px, 0.875rem + ((1vw - 3.2px) * 0.417), 18px);\">Small hobby kennel established in 2016 and situated in Estonia. It all started with growing love for Golden Retrievers after getting our first puppy. Our aim is to breed Golden Retrievers for loving homes, shows and work<br>Our mission is to breed dogs that meet the breed standard for pets, shows and working.<\/p>\n\n\n\n<div class=\"wp-block-buttons is-layout-flex wp-block-buttons-is-layout-flex\">\n<div class=\"wp-block-button is-style-ext-preset--button--natural-1--button-1 is-style-ext-preset--button--natural-1--button-1--4\"><a class=\"wp-block-button__link wp-element-button\" href=\"https:\/\/delight.ee\/en\/about\/\">About<\/a><\/div>\n<\/div>\n<\/div>\n<\/div>\n<\/div>\n<\/div>\n<\/div>\n<\/div>","protected":false},"excerpt":{"rendered":"<p>Kennel Delight of Sunlight Tegemist on 2016. aastal loodud hobikenneliga, mis sai alguse esimese koera v\u00f5tust aasta varem.Meie missiooniks on aretada t\u00f5ustandardile vastavaid koeri nii kodukoerteks, n\u00e4itusteks kui ka t\u00f6\u00f6 tegemiseks.<\/p>","protected":false},"author":1,"featured_media":0,"parent":0,"menu_order":0,"comment_status":"closed","ping_status":"closed","template":"no-title","meta":{"om_disable_all_campaigns":false,"_monsterinsights_skip_tracking":false,"_monsterinsights_sitenote_active":false,"_monsterinsights_sitenote_note":"","_monsterinsights_sitenote_category":0,"ngg_post_thumbnail":0,"footnotes":""},"class_list":["post-33","page","type-page","status-publish","hentry"],"aioseo_notices":[],"_links":{"self":[{"href":"https:\/\/delight.ee\/en\/wp-json\/wp\/v2\/pages\/33","targetHints":{"allow":["GET"]}}],"collection":[{"href":"https:\/\/delight.ee\/en\/wp-json\/wp\/v2\/pages"}],"about":[{"href":"https:\/\/delight.ee\/en\/wp-json\/wp\/v2\/types\/page"}],"author":[{"embeddable":true,"href":"https:\/\/delight.ee\/en\/wp-json\/wp\/v2\/users\/1"}],"replies":[{"embeddable":true,"href":"https:\/\/delight.ee\/en\/wp-json\/wp\/v2\/comments?post=33"}],"version-history":[{"count":11,"href":"https:\/\/delight.ee\/en\/wp-json\/wp\/v2\/pages\/33\/revisions"}],"predecessor-version":[{"id":4793,"href":"https:\/\/delight.ee\/en\/wp-json\/wp\/v2\/pages\/33\/revisions\/4793"}],"wp:attachment":[{"href":"https:\/\/delight.ee\/en\/wp-json\/wp\/v2\/media?parent=33"}],"curies":[{"name":"wp","href":"https:\/\/api.w.org\/{rel}","templated":true}]}}