{"id":26,"date":"2026-01-23T18:59:19","date_gmt":"2026-01-23T18:59:19","guid":{"rendered":"https:\/\/delight.ee\/about\/"},"modified":"2026-02-06T20:38:11","modified_gmt":"2026-02-06T18:38:11","slug":"about","status":"publish","type":"page","link":"https:\/\/delight.ee\/en\/about\/","title":{"rendered":"About"},"content":{"rendered":"<div class=\"wp-block-group alignfull is-style-ext-preset--group--natural-1--section has-background-background-color has-background has-global-padding is-layout-constrained wp-block-group-is-layout-constrained\" id=\"about\" style=\"margin-top:0;margin-bottom:0;padding-top:var(--wp--preset--spacing--70);padding-bottom:var(--wp--preset--spacing--70)\">\n<div class=\"wp-block-columns alignwide are-vertically-aligned-center is-layout-flex wp-container-core-columns-is-layout-174606dc wp-block-columns-is-layout-flex\">\n<div class=\"wp-block-column is-vertically-aligned-center is-layout-flow wp-block-column-is-layout-flow\">\n<figure class=\"wp-block-image size-large is-style-ext-preset--image--soft-1--image-1--content-bottom is-style-ext-preset--image--soft-1--image-1--content-bottom--2\"><img loading=\"lazy\" decoding=\"async\" width=\"1024\" height=\"687\" src=\"https:\/\/delight.ee\/wp-content\/uploads\/2017\/09\/36784242790_ab8ea41601_o-1024x687.jpg\" alt=\"\" class=\"wp-image-2936\" srcset=\"https:\/\/delight.ee\/wp-content\/uploads\/2017\/09\/36784242790_ab8ea41601_o-1024x687.jpg 1024w, https:\/\/delight.ee\/wp-content\/uploads\/2017\/09\/36784242790_ab8ea41601_o-300x201.jpg 300w, https:\/\/delight.ee\/wp-content\/uploads\/2017\/09\/36784242790_ab8ea41601_o-768x516.jpg 768w, https:\/\/delight.ee\/wp-content\/uploads\/2017\/09\/36784242790_ab8ea41601_o-1536x1031.jpg 1536w, https:\/\/delight.ee\/wp-content\/uploads\/2017\/09\/36784242790_ab8ea41601_o-2048x1375.jpg 2048w\" sizes=\"auto, (max-width: 1024px) 100vw, 1024px\" \/><\/figure>\n<\/div>\n\n\n\n<div class=\"wp-block-column is-vertically-aligned-center is-layout-flow wp-block-column-is-layout-flow\">\n<div class=\"wp-block-group alignwide is-vertical is-layout-flex wp-container-core-group-is-layout-c35747d5 wp-block-group-is-layout-flex\">\n<div class=\"wp-block-group has-global-padding is-layout-constrained wp-container-core-group-is-layout-dd32767c wp-block-group-is-layout-constrained\">\n<h2 class=\"wp-block-heading has-primary-color has-text-color has-link-color has-large-font-size wp-elements-08444c9dff8e2d1d4245aecffa899581\">About our kennel<\/h2>\n\n\n\n<p>Kennel was established 08.08.2016 when Regina passed the breeders basic course and we already had two goldens.<\/p>\n<\/div>\n<\/div>\n<\/div>\n<\/div>\n<\/div>\n\n\n\n<div class=\"wp-block-group alignfull is-style-ext-preset--group--natural-1--section has-tertiary-background-color has-background has-global-padding is-layout-constrained wp-container-core-group-is-layout-e955bbaf wp-block-group-is-layout-constrained\" id=\"team\" style=\"margin-top:0;margin-bottom:0;padding-top:var(--wp--preset--spacing--70);padding-bottom:var(--wp--preset--spacing--70)\">\n<div class=\"wp-block-columns alignwide is-layout-flex wp-container-core-columns-is-layout-08c01c1c wp-block-columns-is-layout-flex\">\n<div class=\"wp-block-column is-vertically-aligned-stretch is-layout-flow wp-container-core-column-is-layout-119bc444 wp-block-column-is-layout-flow\">\n<div class=\"wp-block-group is-style-ext-preset--group--natural-1--item-card-1--align-start is-vertical is-content-justification-stretch is-layout-flex wp-container-core-group-is-layout-ae24f51d wp-block-group-is-layout-flex is-style-ext-preset--group--natural-1--item-card-1--align-start--4\" style=\"min-height:100%\">\n<div class=\"wp-block-columns wp-container-content-9cfa9a5a is-layout-flex wp-container-core-columns-is-layout-28232c24 wp-block-columns-is-layout-flex\">\n<div class=\"wp-block-column is-vertically-aligned-stretch is-layout-flow wp-block-column-is-layout-flow\">\n<div class=\"wp-block-cover is-light is-style-ext-preset--image--soft-1--image-1--content-left is-style-ext-preset--image--soft-1--image-1--content-left--5\" style=\"padding-top:0;padding-right:0;padding-bottom:0;padding-left:0;min-height:100%;aspect-ratio:unset;\"><img loading=\"lazy\" decoding=\"async\" width=\"1225\" height=\"1613\" class=\"wp-block-cover__image-background wp-image-4366 size-full\" alt=\"\" src=\"https:\/\/delight.ee\/wp-content\/uploads\/2014\/04\/20160704_151148.jpg\" data-object-fit=\"cover\" srcset=\"https:\/\/delight.ee\/wp-content\/uploads\/2014\/04\/20160704_151148.jpg 1225w, https:\/\/delight.ee\/wp-content\/uploads\/2014\/04\/20160704_151148-228x300.jpg 228w, https:\/\/delight.ee\/wp-content\/uploads\/2014\/04\/20160704_151148-778x1024.jpg 778w, https:\/\/delight.ee\/wp-content\/uploads\/2014\/04\/20160704_151148-768x1011.jpg 768w, https:\/\/delight.ee\/wp-content\/uploads\/2014\/04\/20160704_151148-1167x1536.jpg 1167w\" sizes=\"auto, (max-width: 1225px) 100vw, 1225px\" \/><span aria-hidden=\"true\" class=\"wp-block-cover__background has-background-dim-0 has-background-dim\" style=\"background-color:#958988\"><\/span><div class=\"wp-block-cover__inner-container has-global-padding is-layout-constrained wp-container-core-cover-is-layout-c06d165c wp-block-cover-is-layout-constrained\">\n<div style=\"height:160px\" aria-hidden=\"true\" class=\"wp-block-spacer\"><\/div>\n<\/div><\/div>\n<\/div>\n\n\n\n<div class=\"wp-block-column is-vertically-aligned-top is-layout-flow wp-block-column-is-layout-flow\">\n<div class=\"wp-block-group is-style-default has-global-padding is-layout-constrained wp-container-core-group-is-layout-1c074333 wp-block-group-is-layout-constrained\" style=\"padding-top:var(--wp--preset--spacing--50);padding-right:var(--wp--preset--spacing--30);padding-bottom:var(--wp--preset--spacing--50);padding-left:var(--wp--preset--spacing--30)\">\n<h3 class=\"wp-block-heading has-primary-color has-text-color has-link-color wp-elements-db23313e9f10d56d9b18fd993a3dff0c\" style=\"font-size:clamp(14px, 0.875rem + ((1vw - 3.2px) * 0.625), 20px);\">Regina<\/h3>\n\n\n\n<p style=\"margin-top:0;margin-bottom:0;font-size:clamp(14px, 0.875rem + ((1vw - 3.2px) * 0.417), 18px);\"><\/p>\n\n\n\n<p style=\"margin-top:var(--wp--preset--spacing--20)\">Regina has passed breeders basic and advanced courses. Member of Estonian Kennel Union, Estonian Golden Retrievers Society and Estonian Retrievers Society.<\/p>\n<\/div>\n<\/div>\n<\/div>\n<\/div>\n<\/div>\n<\/div>\n\n\n\n<div class=\"wp-block-columns alignwide is-layout-flex wp-container-core-columns-is-layout-967d05ff wp-block-columns-is-layout-flex\" style=\"margin-top:var(--wp--preset--spacing--40)\">\n<div class=\"wp-block-column is-layout-flow wp-block-column-is-layout-flow\">\n<p><strong>Attended courses:<\/strong><\/p>\n\n\n\n<p><strong>Breeders basic course<\/strong><\/p>\n\n\n\n<ul class=\"wp-block-list\">\n<li>Dog behaviour. Dog feeding. Lecturer Tiia Ariko 10.-11.10.2015\nImportant rules and regulations for breeders and dog owners. Rules of breeding dogs and related documents. Lecturer Kristin Kerem 25.10.2015\nDog anatomy, physiology and pathology. Lecturer Janne Orro 31.10.2015\nGenetics and breeding strategies Lecturer Tiia Ariko 01.11.2015\nDog mating and whelping. Lecturer Laura Linntamm 21.11.2015\nPuppy growth and development, puppy diseases\/health issues. Lecturer Janne Orro 22.11.2015<\/li>\n\n\n\n<li>Laws and breeding rules for breeding dogs and related documents important for breeders and dog owners, lecturer Kristin Kerem 25.10.2015<\/li>\n\n\n\n<li>Anatomy, physiology and pathology of dogs, lecturer Janne Orro 31.10.2015<\/li>\n\n\n\n<li>Foundations of Genetics and Breeding Strategies, lecturer Tiia Ariko 01.11.2015<\/li>\n\n\n\n<li>Reproduction of dogs, lecturer Laura Linntamm 21.11.2015<\/li>\n\n\n\n<li>Puppy growth and development, puppy diseases, lecturer Janne Orro 22.11.2015<\/li>\n<\/ul>\n\n\n\n<p><strong>First aid course. Lecturer Maret K\u00e4rdi 30.01.2016<\/strong><\/p>\n\n\n\n<ul class=\"wp-block-list\">\n<li>I part\u2013 crisis situations and solution; first aid and urgent help; evaluating need of help; first aid 1-2-3 and the responsibility of the first aid provider; cooperation and notification;<\/li>\n\n\n\n<li>II part \u2013 situations that need immediate action; security and techniques of giving first aid; avoiding accidents; first aid and ethical problems;<\/li>\n\n\n\n<li>III part \u2013 giving unavoidable help in case of certain situations (traumas, poisoning, critically changing health situations, neurological disorders etc.); conditions with bad prognosis;<\/li>\n\n\n\n<li>IV part \u2013 useful tips; evaluating dogs health; home medication.<\/li>\n<\/ul>\n\n\n\n<p><strong>Retrievers field test theoretical lecture. Lecturer Riin Kooli-K\u00f5nnussaar 22.03.2016<\/strong><br>Basics of retrievers field test and retrieving dummy\/prey.<\/p>\n\n\n\n<p><strong>Basics for successful retrieving. Lecturer Riin Kooli-K\u00f5nnussaar 19.04.2016<\/strong><br>What makes retriever a good retriever and how to accomplish that? Cooperation, different field parts: handling prey, marking, directing, free search etc.<\/p>\n\n\n\n<p><strong>Breeders advanced course:<\/strong><\/p>\n\n\n\n<ul class=\"wp-block-list\">\n<li>Bones, joints, muscles - diseases, anomalies, malformations etc. Lecturer Marti Lasn 13.03.2016<\/li>\n\n\n\n<li>External and internal parasites. Lecturer Katrin M\u00e4gi 03.04.2016<\/li>\n\n\n\n<li>Eyes and eye diseases. Lecturer \u00dclle Kell  10.04.2016<\/li>\n\n\n\n<li>Hear and heart diseases. Lecturer Merit Villemson-Kavak 15.05.2016<\/li>\n\n\n\n<li>Genetics - more in-depth - Tiia Ariko, September 2016<\/li>\n\n\n\n<li>Different training styles \u2013 How to choose sports dog. Lecturer Aivo  Oblikas 22.10.2016<\/li>\n\n\n\n<li>Different training styles \u2013 How to train family dog and guide dog owners. Lecturer Tiia Ariko 20.11.2016<\/li>\n\n\n\n<li>Puppy training from birth to handover. Lecturer Haita-Maarit Zahharov 19.11.2016<\/li>\n\n\n\n<li>Genetics for breeders - Tiia Ariko, 18.12.2016<\/li>\n\n\n\n<li>Infertility - causes and relation to diseases. Lecturer Laura Lintam 23.04.2017<\/li>\n<\/ul>\n\n\n\n<p><strong>Lecture \"How to direct behavioural patterns between dogs?\u201d. Lecturer Kati Ernits 17.10.2016<\/strong><\/p>\n\n\n\n<ul class=\"wp-block-list\">\n<li>If and how much should dog interact with other dogs?<\/li>\n\n\n\n<li>How to know when interaction with other dogs isn't pleasant anymore?<\/li>\n\n\n\n<li>How to ensure safety?&nbsp;<\/li>\n<\/ul>\n\n\n\n<p><strong>Lecture \"Dog Management\". Lecturer Gerard O'Shea  21.07.2017&nbsp;<\/strong><\/p>\n\n\n\n<ul class=\"wp-block-list\">\n<li>How to get along with your dog in every situation and how to create a relationship where both of you are happy.<\/li>\n\n\n\n<li>How to raise a sports dog, show dog or family pet ad how to avoid behavioural issues?<\/li>\n\n\n\n<li>Why don't dogs listen to their names?<\/li>\n\n\n\n<li>How to be more important then other dogs, cats and humans for your dog?<\/li>\n<\/ul>\n\n\n\n<p><strong>Lisbeth Borg de Waard International Dog Trainer School March 2017 until March 2018<\/strong><\/p>\n\n\n\n<ul class=\"wp-block-list\">\n<li class=\"translation-block\"><strong>Dog behaviour:<\/strong> the dog\u2019s silent language, body language, communication, dog development and ethology, history, puppies, adolescent, mature dogs, social developments, critical periods, hormonal influences, breed characteristics, problem solving, stress, fears, aggression, health and nutrition.<\/li>\n\n\n\n<li class=\"translation-block\"><strong>Dog learning behaviour:<\/strong> positive training methods, desensitization, motivation, comparisons of dog learning to human learning, classical and operant conditioning, positive reinforcement.<\/li>\n\n\n\n<li class=\"translation-block\"><strong>Practical training:<\/strong> problem solving, observation, positive training methods teaching basic obedience and more challenging tasks like desensitization for stressed dogs and dog-to-dog aggression.<\/li>\n\n\n\n<li class=\"translation-block\"><strong>The dog trainer:<\/strong> how to design your courses, counsel individuals and motivate owners, instruction and observation techniques as well as building confidence as a public speaker, marketing and running your own small business, customer service and pedagogy for humans.<\/li>\n<\/ul>\n<\/div>\n<\/div>\n\n\n\n<p><\/p>\n<\/div>","protected":false},"excerpt":{"rendered":"<p>Meie kennelist Kennel sai loodud 08.08.2016, kui Regina oli l\u00e4binud kasvataja algkoolituse ning peres oli juba olemas kaks kuldset retriiverit. Regina L\u00e4binud kasvatajate alg- ning&nbsp;t\u00e4iendkoolitusprogrammi. Eesti Kenneliidu liige, Eesti Kuldsete Retriiverite T\u00f5u\u00fchingu ja Eesti Retriiverite T\u00f5u\u00fchingu liige. L\u00e4bitud koolitused: Kasvatajate algkoolitus Esmaabi koolitus-loeng 30.01.2016 &#8211; Lektor:&nbsp;Maret K\u00e4rdi Retriiverite t\u00f5ukatse teoorialoeng 22.03.2016 &#8211;&nbsp;Lektor: Riin Kooli-K\u00f5nnussaarLoengus r\u00e4\u00e4giti [&hellip;]<\/p>","protected":false},"author":1,"featured_media":0,"parent":0,"menu_order":0,"comment_status":"closed","ping_status":"closed","template":"page-with-title","meta":{"om_disable_all_campaigns":false,"_monsterinsights_skip_tracking":false,"_monsterinsights_sitenote_active":false,"_monsterinsights_sitenote_note":"","_monsterinsights_sitenote_category":0,"ngg_post_thumbnail":0,"footnotes":""},"class_list":["post-26","page","type-page","status-publish","hentry"],"aioseo_notices":[],"_links":{"self":[{"href":"https:\/\/delight.ee\/en\/wp-json\/wp\/v2\/pages\/26","targetHints":{"allow":["GET"]}}],"collection":[{"href":"https:\/\/delight.ee\/en\/wp-json\/wp\/v2\/pages"}],"about":[{"href":"https:\/\/delight.ee\/en\/wp-json\/wp\/v2\/types\/page"}],"author":[{"embeddable":true,"href":"https:\/\/delight.ee\/en\/wp-json\/wp\/v2\/users\/1"}],"replies":[{"embeddable":true,"href":"https:\/\/delight.ee\/en\/wp-json\/wp\/v2\/comments?post=26"}],"version-history":[{"count":14,"href":"https:\/\/delight.ee\/en\/wp-json\/wp\/v2\/pages\/26\/revisions"}],"predecessor-version":[{"id":5350,"href":"https:\/\/delight.ee\/en\/wp-json\/wp\/v2\/pages\/26\/revisions\/5350"}],"wp:attachment":[{"href":"https:\/\/delight.ee\/en\/wp-json\/wp\/v2\/media?parent=26"}],"curies":[{"name":"wp","href":"https:\/\/api.w.org\/{rel}","templated":true}]}}